{"id":19,"date":"2016-03-04T12:07:03","date_gmt":"2016-03-04T11:07:03","guid":{"rendered":"http:\/\/localhost\/wordpress\/?page_id=19"},"modified":"2017-02-16T18:06:21","modified_gmt":"2017-02-16T17:06:21","slug":"home","status":"publish","type":"page","link":"http:\/\/www.projectundo.it\/grafica_web-design\/","title":{"rendered":"Home"},"content":{"rendered":"<div style=\"background-color: #7a053d;height:5px;\" class=\"separator normal  yes\"><\/div>\n<section class='content_section ' style='background-color:#f0e0d6; padding-top:20px; padding-bottom:20px'>\n<div style=\"text-align: center; margin-top: -30px; margin-bottom: -60px;\"><div class='typography top clearfix'><span class='big_letter' style='color: #e30066; font-size: 67px; line-height: 67px;'>IL NOSTRO UNIVERSO DI SERVIZI<\/span><span class='small_letter_holder'><span class='small_letter_top' style='color: ; font-size: 26.8px; line-height: 26.8px;'><\/span><span class='small_letter_bottom' style='color: ; font-size: 26.8px; line-height: 26.8px;'><\/span><\/span><\/div><\/div>\n<div class=\"three_columns clearfix\"><div class=\"column1\"><div class=\"column_inner\">\n<div class='element_from_left' data-delay=''><div>\n<div class=\"flip_icon_holder  center clearfix\"><a href=\"http:\/\/www.projectundo.it\/grafica_web-design\/grafica\/\" target=\"\"><div class=\"flip_icon front\" style=\"background-color: #7a053d;\"><div class=\"icon retina white news\"><\/div><\/div><div class=\"flip_icon back\" style=\"background-color: #7a053d;\"><div class=\"flip_icon_text\"><div class=\"flip_icon_text_inner\">\n<h4>VAI!<\/h4>\n<\/div><\/div><\/div><\/a><\/div>\n<h2 style=\"padding-top: 20px; text-align: center;\">Grafica<\/h2>\n<p style=\"text-align: center;\"><em>La tua immagine \u00e8 il <strong>biglietto da visita<\/strong> che offri al mondo. Project.Undo <strong>agenzia grafica<\/strong> se ne prende cura.<\/em><\/p>\n<\/div><\/div>\n<\/div><\/div>\n<div class=\"column2\"><div class=\"column_inner\">\n<div class='element_from_left' data-delay='500'><div>\n<div class=\"flip_icon_holder  center clearfix\"><a href=\"http:\/\/www.parmafotografia.it\" target=\"\"><div class=\"flip_icon front\" style=\"background-color: #7a053d;\"><div class=\"icon retina white picture\"><\/div><\/div><div class=\"flip_icon back\" style=\"background-color: #7a053d;\"><div class=\"flip_icon_text\"><div class=\"flip_icon_text_inner\">\n<h4>VAI!<\/h4>\n<\/div><\/div><\/div><\/a><\/div>\n<h2 style=\"padding-top: 20px; text-align: center;\">Fotografia<\/h2>\n<p style=\"text-align: center;\"><em>Te stesso, il tuo prodotto, i tuoi <strong>eventi<\/strong>: Project.Undo rende tutto memorabile.<br \/>\n<\/em><\/p>\n<\/div><\/div>\n<\/div><\/div>\n<div class=\"column3\"><div class=\"column_inner\">\n<div class='element_from_left' data-delay='1000'><div>\n<div class=\"flip_icon_holder  center clearfix\"><a href=\"http:\/\/matrimoni.projectundo.it\" target=\"\"><div class=\"flip_icon front\" style=\"background-color: #7a053d;\"><div class=\"icon retina white hearth\"><\/div><\/div><div class=\"flip_icon back\" style=\"background-color: #7a053d;\"><div class=\"flip_icon_text\"><div class=\"flip_icon_text_inner\">\n<h4>VAI!<\/h4>\n<\/div><\/div><\/div><\/a><\/div>\n<h2 style=\"padding-top: 20px; text-align: center;\">Matrimoni<\/h2>\n<p style=\"text-align: center;\"><em>Ritrarre i tuoi momenti pi\u00f9 belli, le tue emozioni pi\u00f9 vere. Affidati allo <strong>studio di fotografia<\/strong> Project.Undo.<\/em><\/p>\n<\/div><\/div>\n<\/div><\/div><\/div>\n<div class=\"three_columns clearfix\"><div class=\"column1\"><div class=\"column_inner\">\n<div class='element_from_left' data-delay='1500'><div>\n<div class=\"flip_icon_holder  center clearfix\"><a href=\"http:\/\/www.projectundo.it\/grafica_web-design\/grafica\/\" target=\"\"><div class=\"flip_icon front\" style=\"background-color: #7a053d;\"><div class=\"icon retina white book\"><\/div><\/div><div class=\"flip_icon back\" style=\"background-color: #7a053d;\"><div class=\"flip_icon_text\"><div class=\"flip_icon_text_inner\">\n<h4>VAI!<\/h4>\n<\/div><\/div><\/div><\/a><\/div>\n<h2 style=\"padding-top: 20px; text-align: center;\">Stampa<\/h2>\n<p style=\"text-align: center;\"><em>Anche la materia ha la sua importanza. Project.Undo ha la soluzione per te.<br \/>\n<\/em><\/p>\n<\/div><\/div>\n<\/div><\/div>\n<div class=\"column2\"><div class=\"column_inner\">\n<div class='element_from_left' data-delay='2000'><div>\n<div class=\"flip_icon_holder  center clearfix\"><a href=\"http:\/\/www.projectundo.it\/grafica_web-design\/web-design\/\" target=\"\"><div class=\"flip_icon front\" style=\"background-color: #7a053d;\"><div class=\"icon retina white laptop\"><\/div><\/div><div class=\"flip_icon back\" style=\"background-color: #7a053d;\"><div class=\"flip_icon_text\"><div class=\"flip_icon_text_inner\">\n<h4>VAI!<\/h4>\n<\/div><\/div><\/div><\/a><\/div>\n<h2 style=\"padding-top: 20px; text-align: center;\">Web Design<\/h2>\n<p style=\"text-align: center;\"><em>Comunica tramite il Web, nel modo pi\u00f9 semplice ed efficace, grazie a Project.Undo <strong>web design agency<\/strong>.<\/em><\/p>\n<\/div><\/div>\n<\/div><\/div>\n<div class=\"column3\"><div class=\"column_inner\">\n<div class='element_from_left' data-delay='2500'><div>\n<div class=\"flip_icon_holder  center clearfix\"><a href=\"http:\/\/www.projectundo.it\/grafica_web-design\/web-design\/\" target=\"\"><div class=\"flip_icon front\" style=\"background-color: #7a053d;\"><div class=\"icon retina white deer\"><\/div><\/div><div class=\"flip_icon back\" style=\"background-color: #7a053d;\"><div class=\"flip_icon_text\"><div class=\"flip_icon_text_inner\">\n<h4>VAI!<\/h4>\n<\/div><\/div><\/div><\/a><\/div>\n<h2 style=\"padding-top: 20px; text-align: center;\">Illustrazione<\/h2>\n<p style=\"text-align: center;\"><em>Fantasia, tecnica e creativit\u00e0: Project.Undo laboratorio di immagine e <strong>comunicazione<\/strong> \u00e8 al tuo servizio.<br \/>\n<\/em><\/p>\n<\/div><\/div>\n<\/div><\/div><\/div>\n<p>&nbsp;<\/p>\n<\/section>\n<section class='content_section no' data-title='Servizi' id='1' style='background-color:#81033F; padding-top:10px; padding-bottom:10px'>\n<div style=\"margin-top:-10px;margin-bottom:10px;background-color: #e30066;height:5px;\" class=\"separator normal  yes\"><\/div>\n<div style=\"text-align: center;\">\n<div class='typography top clearfix'><span class='big_letter' style='color: #e30066; font-size: 67px; line-height: 67px;'>RI-EVOLUZIONE CONSAPEVOLE<\/span><span class='small_letter_holder'><span class='small_letter_top' style='color: #f0e0d6; font-size: 26.8px; line-height: 26.8px;'><\/span><span class='small_letter_bottom' style='color: #f0e0d6; font-size: 26.8px; line-height: 26.8px;'>...Facciamo un salto fuori dal mare?<\/span><\/span><\/div><div style=\"margin-top:-20px;height:0px;\" class=\"separator transparent  yes\"><\/div><div class=\"two_columns_33_66 clearfix\"><div class=\"column1\"><div class=\"column_inner\">\n<div style=\"background-color: #f0e0d6; margin-bottom: 10px; padding: 20px; border-top-right-radius: 30px; border-bottom-left-radius: 30px;\">\n<div><span class='dropcap underline' style='background-color: ; border-bottom-color: #e30066; border-bottom-width: px;'>UNDO<\/span><\/div>\n<div>\n<div>\n<p class=\"accordions\" style=\"color: #81033f;\">Una parola, tanti significati: \u201c<em>disfare<\/em>\u201c, \u201c<em>reinterpretare<\/em>\u201c, \u201c<em>scomporre<\/em>\u201c. Tutti concetti figli della curiosit\u00e0. Come quando, da bambini, smontavamo i nostri giocattoli per guardarci dentro. E ci divertivamo un sacco. Da allora nulla \u00e8 cambiato: la curiosit\u00e0 continua a guidarci nello sperimentare nuove situazioni visive, spingendo un po\u2019 pi\u00f9 in l\u00e0 i limiti dell\u2019immaginazione.<\/p>\n<p><em>\u00a0<\/em><\/p>\n<h3 class=\"accordions\" style=\"color: #81033f;\">1.<\/h3>\n<p class=\"accordions\" style=\"color: #81033f;\">E l\u00ec, oltre il convenzionale, iniziamo a mettere in discussione quello che gi\u00e0 esiste. Quello che danno per scontato e che non si sognerebbero mai di modificare o ripensare. Perch\u00e8, se potessimo evolverci di nuovo, restando consapevoli di quello che sappiamo ora, sapremmo percorrere strade migliori. E crediamo che il coraggio sia la migliore macchina del tempo possibile.<\/p>\n<h3 class=\"accordions\" style=\"color: #81033f;\">2.<\/h3>\n<p class=\"accordions\" style=\"color: #81033f;\">Una visione pi\u00f9 ampia \u00e8 la chiave per la sopravvivenza, e anche la pi\u00f9 classica delle soluzioni pu\u00f2 essere frutto di un approccio innovativo, quando \u00e8 frutto di competenze condivise.<\/p>\n<h3 class=\"accordions\" style=\"color: #81033f;\">3.<\/h3>\n<p class=\"accordions\" style=\"color: #81033f;\">Siate pronti a fare vostri punti di vista differenti, date spazio alle vostre idee e mettetevi in gioco. Cos\u00ec la pensiamo.<\/p>\n<p class=\"accordions\" style=\"color: #81033f;\">Benvenuti a Project.Undo.<\/p>\n<\/div>\n<\/div>\n<\/div>\n<\/div><\/div>\n<div class=\"column2\"><div class=\"column_inner\"><a href=\"http:\/\/www.projectundo.it\/grafica_web-design\/wp-content\/uploads\/2016\/03\/bg_filosofia-1.jpg\"><img decoding=\"async\" loading=\"lazy\" class=\"alignnone size-full wp-image-428\" src=\"http:\/\/www.projectundo.it\/grafica_web-design\/wp-content\/uploads\/2016\/03\/bg_filosofia-1.jpg\" alt=\"\" width=\"780\" height=\"800\" srcset=\"http:\/\/www.projectundo.it\/grafica_web-design\/wp-content\/uploads\/2016\/03\/bg_filosofia-1.jpg 780w, http:\/\/www.projectundo.it\/grafica_web-design\/wp-content\/uploads\/2016\/03\/bg_filosofia-1-293x300.jpg 293w, http:\/\/www.projectundo.it\/grafica_web-design\/wp-content\/uploads\/2016\/03\/bg_filosofia-1-768x788.jpg 768w\" sizes=\"(max-width: 780px) 100vw, 780px\" \/><\/a><br \/>\n<\/div><\/div><\/div>\n<\/div>\n<\/section>\n<div style=\"background-color: #e30066;height:5px;\" class=\"separator normal  yes\"><\/div>\n<section class='content_section ' style='background-color:#f0e0d6; padding-top:0px; padding-bottom:0px'>\n<div style=\"text-align: center;\"><\/div>\n<div style=\"text-align: center;\">\n<div class=\"two_columns_66_33 clearfix\"><div class=\"column1\"><div class=\"column_inner\"><img decoding=\"async\" loading=\"lazy\" class=\"alignnone size-full wp-image-457\" src=\"http:\/\/www.projectundo.it\/grafica_web-design\/wp-content\/uploads\/2016\/03\/sfondo_mostro.jpg\" alt=\"\" width=\"780\" height=\"800\" srcset=\"http:\/\/www.projectundo.it\/grafica_web-design\/wp-content\/uploads\/2016\/03\/sfondo_mostro.jpg 780w, http:\/\/www.projectundo.it\/grafica_web-design\/wp-content\/uploads\/2016\/03\/sfondo_mostro-293x300.jpg 293w, http:\/\/www.projectundo.it\/grafica_web-design\/wp-content\/uploads\/2016\/03\/sfondo_mostro-768x788.jpg 768w\" sizes=\"(max-width: 780px) 100vw, 780px\" \/><br \/>\n<\/div><\/div>\n<div class=\"column2\"><div class=\"column_inner\">\n<div style=\"background-color: #81033f; margin-bottom: 10px; padding: 20px; border-top-right-radius: 30px; border-bottom-left-radius: 30px; margin-top: 6px;\">\n<h3 style=\"margin-top: 20px;\"><span style=\"color: #e30066;\">La nostra parola d&#8217;ordine?<\/span><\/h3>\n<div>\n<div>\n<div class=\"accordion_content\">\n<div class=\"accordion_content_inner\">\n<p class=\"accordions\" style=\"color: #f0e0d6; margin-bottom: 35px;\">Poter mettere tutto in discussione. Ogni nuovo lavoro, ogni progetto \u00e8 un caso a s\u00e9, da interpretare, da affrontare forti dell\u2019esperienza acquisita, ma insieme liberi di percorrere nuove strade, di sperimentare. Il dialogo con il cliente, il coraggio di non fermarsi alla soluzione gi\u00e0 vista, sono figli di una precisa convinzione: non \u00e8 detto che ci\u00f2 che \u00e8 stato fatto finora sia il meglio possibile. Si pu\u00f2 sempre tornare indietro, e migliorare.<\/p>\n<h3 class=\"accordions\" style=\"color: #f0e0d6;\"><span style=\"color: #e30066;\">Non temiamo di sporcarci&#8230;<br \/>\n<\/span><\/h3>\n<div>\n<div>\n<div class=\"accordion_content\">\n<div class=\"accordion_content_inner\">\n<p class=\"accordions\" style=\"color: #f0e0d6; margin-bottom: 35px;\">Ci piace lasciare libera la mente, \u00e8 vero. E quando troviamo l\u2019idea giusta non ci arrendiamo finch\u00e9 non si traduce in una forma compiuta. Lavorare in team ci permette di trarre il meglio dalle peculiarit\u00e0 di ogni figura professionale, integrando le reciproche competenze in un processo di perfezionamento continuo. L\u2019affiatamento che abbiamo sviluppato in anni di esperienza comune ci permette di dare vita ad flusso di lavoro efficiente.<\/p>\n<p class=\"accordions\" style=\"color: #f0e0d6;\">\n<\/div>\n<\/div>\n<\/div>\n<\/div>\n<\/div>\n<\/div>\n<h3 class=\"accordions\" style=\"color: #f0e0d6;\"><span style=\"color: #e30066;\">E non molliamo mai.<br \/>\n<\/span><\/h3>\n<div>\n<div>\n<div class=\"accordion_content\">\n<div class=\"accordion_content_inner\">\n<p class=\"accordions\" style=\"color: #f0e0d6;\">La storia di quello che facciamo non finisce quando ne siamo soddisfatti al 100%.<br \/>\nLa curiosit\u00e0 ci spinge a seguirlo nel suo percorso sul campo, a confrontarci con il suo impatto, a considerarlo un nuovo punto di partenza.<br \/>\nOgni lavoro \u00e8 un passo avanti, in un infinito percorso di adattamento e innovazione, per spingerci oltre i limiti del convenzionale.<\/p>\n<\/div>\n<\/div>\n<\/div>\n<\/div>\n<\/div>\n<\/div>\n<\/div>\n<\/div><\/div><\/div>\n<\/div>\n<\/section>\n<div style=\"margin-top:-5px;background-color: #e30066;height:5px;\" class=\"separator normal  yes\"><\/div>\n<section class='content_section ' style='background-color:#81033f; padding-top:0px; padding-bottom:0px'><section class='parallax'>\n<section id=\"1\" style=\"background-image:url(http:\/\/www.projectundo.it\/grafica_web-design\/wp-content\/uploads\/2017\/02\/Oggetto-vettoriale-avanzato2.png); background-color:;\" data-height=\"\" data-title=\"...\"><div class=\"parallax_content\">\n<div style=\"text-align: center;\"><div class='typography top clearfix'><span class='big_letter' style='color: #e30066; font-size: 67px; line-height: 67px;'>STUDIO FOTOGRAFICO<\/span><span class='small_letter_holder'><span class='small_letter_top' style='color: #f0e0d6; font-size: 26.8px; line-height: 26.8px;'>... Project.Undo \u00e8 anche questo!<\/span><span class='small_letter_bottom' style='color: #f0e0d6; font-size: 26.8px; line-height: 26.8px;'><\/span><\/span><\/div><\/div>\n<div class=\"three_columns clearfix\"><div class=\"column1\"><div class=\"column_inner\">\n<h3 style=\"color: #f0e0d6;\">Occhi aperti<\/h3>\n<p><span style=\"color: #f0e0d6;\">Project.Undo Lab \u00e8 anche studio fotografico. Un occhio attento all\u2019immagine ed una forte attitudine artistica che caratterizzano il nostro team hanno contribuito, nel tempo, a trasformare quella che era una passione in una professione. Conosciamo il valore, in ambito fotografico, della disponibilit\u00e0 e della versatilit\u00e0 dell\u2019organico: per questo, all\u2019occorrenza, possiamo avvalerci della collaborazione di colleghi di comprovata professionalit\u00e0 ed esperienza nel settore.<\/span><\/p>\n<\/div><\/div>\n<div class=\"column2\"><div class=\"column_inner\">\n<h3 style=\"color: #f0e0d6;\">Matrimoni &amp; Cerimonie<\/h3>\n<p><span style=\"color: #f0e0d6;\">Lascia che ci prendiamo cura dei tuoi ricordi importanti o dei tuoi giorni felici. Con professionalit\u00e0, delicatezza e attenzione per i particolari sapremo ritrarre i momenti che vuoi portare con te per sempre. Sappiamo quanto personale sia l\u2019argomento e quanto necessiti di essere approfondita la tua scelta: vieni a farci visita nel nostro studio, in Strada Nino Bixio 23 a Parma, e dai un\u2019occhiata <a style=\"color: #f0e0d6; font-weight: bold;\" href=\"http:\/\/matrimoni.projectundo.it\/\" target=\"_blank\">QUI<\/a>, il nostro sito dedicato ai Matrimoni.<\/span><\/p>\n<\/div><\/div>\n<div class=\"column3\"><div class=\"column_inner\">\n<h3 style=\"color: #f0e0d6;\">Altri servizi&#8230;<\/h3>\n<p><span style=\"color: #f0e0d6;\">Realizziamo inoltre servizi privati in studio ed in esterna. Possiamo occuparci del tuo book o dei tuoi ritratti, come di realizzare still-life che valorizzino i tuoi prodotti. All\u2019occorrenza ci recheremo presso i locali della tua azienda, per effettuare reportage adeguati in loco.<br \/>\nPer il resto, consultate il nostro portfolio <a style=\"color: #f0e0d6; font-weight: bold;\" href=\"http:\/\/parmafotografia.it\/\" target=\"_blank\">QUI<\/a>: troverete, tra le altre cose, tanti esempi della nostra personale visione delle cose\u2026 Lasciamo parlare le immagini.<\/span><\/p>\n<\/div><\/div><\/div>\n<\/div><\/section>\n<\/section>\n<div style=\"text-align: center;\"><\/div>\n<\/section>\n<div style=\"background-color: #e30066;height:5px;\" class=\"separator normal  yes\"><\/div>\n<section class='content_section ' style='background-color:#f0e0d6; padding-top:10px; padding-bottom:10px'>\n<div style=\"text-align:center;\">\n<div class='typography top clearfix'><span class='big_letter' style='color: #81033F; font-size: 67px; line-height: 67px;'>E NON \u00c9 FINITA...<\/span><span class='small_letter_holder'><span class='small_letter_top' style='color: #e30066; font-size: 26.8px; line-height: 26.8px;'>... Chiedici di pi\u00f9!<\/span><span class='small_letter_bottom' style='color: #e30066; font-size: 26.8px; line-height: 26.8px;'><\/span><\/span><\/div><\/div>\n<div class=\"two_columns_50_50 clearfix\"><div class=\"column1\"><div class=\"column_inner\">\n<div class='testimonials_holder'><img src='http:\/\/www.projectundo.it\/grafica_web-design\/wp-content\/uploads\/2016\/05\/parallax-artwork-light-e1485969309581.jpg'><div class='testimonials_text_holder' style='background-color: #81033F;'><div class='testimonial_text_inner'><h4 style='color: #e30066;'>ILLUSTRAZIONE<\/h4>\n<p>Realizziamo artwork e disegni per ogni tua esigenza!<br \/>\n<\/div><div class='testimonial_arrow' style='border-color: transparent #81033F transparent transparent;'><\/div><\/div><\/div>\n<\/div><\/div>\n<div class=\"column2\"><div class=\"column_inner\">\n<div class='testimonials_holder'><img src='http:\/\/www.projectundo.it\/grafica_web-design\/wp-content\/uploads\/2017\/02\/sfondo_stampa.jpg'><div class='testimonials_text_holder' style='background-color: #81033F;'><div class='testimonial_text_inner'><h4 style='color: #e30066;'>STAMPA<\/h4>\n<p>E possiamo anche stampare sul supporto pi\u00f9 adatto al tuo prodotto.<br \/>\n<\/div><div class='testimonial_arrow' style='border-color: transparent #81033F transparent transparent;'><\/div><\/div><\/div>\n<\/div><\/div><\/div>\n<\/section>\n","protected":false},"excerpt":{"rendered":"","protected":false},"author":1,"featured_media":0,"parent":0,"menu_order":0,"comment_status":"closed","ping_status":"closed","template":"","meta":[],"_links":{"self":[{"href":"http:\/\/www.projectundo.it\/grafica_web-design\/wp-json\/wp\/v2\/pages\/19"}],"collection":[{"href":"http:\/\/www.projectundo.it\/grafica_web-design\/wp-json\/wp\/v2\/pages"}],"about":[{"href":"http:\/\/www.projectundo.it\/grafica_web-design\/wp-json\/wp\/v2\/types\/page"}],"author":[{"embeddable":true,"href":"http:\/\/www.projectundo.it\/grafica_web-design\/wp-json\/wp\/v2\/users\/1"}],"replies":[{"embeddable":true,"href":"http:\/\/www.projectundo.it\/grafica_web-design\/wp-json\/wp\/v2\/comments?post=19"}],"version-history":[{"count":109,"href":"http:\/\/www.projectundo.it\/grafica_web-design\/wp-json\/wp\/v2\/pages\/19\/revisions"}],"predecessor-version":[{"id":458,"href":"http:\/\/www.projectundo.it\/grafica_web-design\/wp-json\/wp\/v2\/pages\/19\/revisions\/458"}],"wp:attachment":[{"href":"http:\/\/www.projectundo.it\/grafica_web-design\/wp-json\/wp\/v2\/media?parent=19"}],"curies":[{"name":"wp","href":"https:\/\/api.w.org\/{rel}","templated":true}]}}