{"id":3,"date":"2021-08-03T19:10:51","date_gmt":"2021-08-03T17:10:51","guid":{"rendered":"http:\/\/www.projectundo.it\/savoma\/?page_id=3"},"modified":"2023-06-09T17:13:48","modified_gmt":"2023-06-09T15:13:48","slug":"privacy-policy","status":"publish","type":"page","link":"http:\/\/www.projectundo.it\/savoma\/privacy-policy\/","title":{"rendered":"Trattamento dei dati personali"},"content":{"rendered":"<h4>INFORMATIVA SUL TRATTAMENTO DEI DATI PERSONALI AI SENSI DEL REGOLAMENTO EUROPEO SULLA PRIVACY 2016\/679 (GDPR).<\/h4>\n<h5>Titolare del trattamento dei dati personali<\/h5>\n<p>Savoma Medicinali S.p.A., con sede in via Baganza 2\/A 43125 Parma.<\/p>\n<h5>Finalit\u00e0 e base giuridica del trattamento<\/h5>\n<p>Il trattamento dei dati personali acquisiti ed eventualmente aggiornati avviene con le seguenti finalit\u00e0:<\/p>\n<ol>\n<li>Finalit\u00e0 gestionali, statistiche, commerciali, informative, relative a prodotti e servizi della Savoma Medicinali S.p.A.<\/li>\n<li>Gestione reclami e\/o segnalazioni\/contenziosi<\/li>\n<li>Ottemperanza ad adempimenti contrattuali o di legge.<\/li>\n<\/ol>\n<p>La base giuridica del trattamento \u00e8 rappresentata:<\/p>\n<ul style=\"margin-left: 7px;\">\n\u2022 Per le finalit\u00e0 1 e 2 dal consenso dell\u2019interessato<\/p>\n<p>\u2022 Per la finalit\u00e0 3 dagli adempimenti di un obbligo contrattuale o legale.<\/ul>\n<h5>Categorie di dati acquisiti e modalit\u00e0 di trattamento<\/h5>\n<p>Savoma Medicinali S.p.A. acquisisce ed eventualmente aggiorna in relazione alle finalit\u00e0 1, 2 e 3 dati personali quali nome, cognome, indirizzo, numero di telefono, indirizzo e-mail. Per la finalit\u00e0 2 \u00e8 possibile vengano trattati dati in conformit\u00e0 all\u2019articolo 9.<\/p>\n<p>I dati personali raccolti sono adeguati, pertinenti e non eccedenti rispetto alle finalit\u00e0 per cui sono trattati, e sono trattati secondo i principi di liceit\u00e0, correttezza e trasparenza, con o senza l\u2019ausilio di mezzi elettronici. I dati forniti verranno trattati dai Responsabili e dagli Incaricati del trattamento individuati e nominati dal Titolare. La lista completa dei Responsabili del trattamento dei dati \u00e8 conservata presso la sede di Savoma Medicinali S.p.A.<br \/>\nSavoma Medicinali S.p.A. non utilizza processi decisionali automatizzati relativi alle persone fisiche, compresa la profilazione. Il conferimento dei dati personali (ove applicabile) \u00e8 facoltativo, ma senza consenso al trattamento non sar\u00e0 possibile rispondere alle richieste dell\u2019interessato.<\/p>\n<p>I dati personali, nel caso in cui non siano ottenuti presso l\u2019interessato, provengono da fonti accessibili al pubblico.<\/p>\n<h5>Categorie di destinatari dei dati personali<\/h5>\n<p>I dati personali saranno conservati presso gli archivi della societ\u00e0 Savoma Medicinali S.p.A., ubicati in via Baganza 2\/A \u2013 43125 Parma e non saranno oggetto di diffusione. Ove ci\u00f2 si rendesse necessario essi potranno essere comunicati a responsabili esterni del trattamento e a soggetti terzi ai fini dell\u2019assolvimento delle finalit\u00e0 di cui sopra.<br \/>\nE\u2019 esclusa l\u2019intenzione di trasferire dati personali ad un paese terzo.<\/p>\n<h5>Periodo di conservazione dei dati personali<\/h5>\n<p>I dati personali verranno conservati negli archivi di Savoma Medicinali S.p.A. per un periodo non superiore al conseguimento delle finalit\u00e0 per le quali sono trattati, fatte salve eventuali ottemperanze a obblighi di legge.<\/p>\n<h5>Diritti dell\u2019interessato<\/h5>\n<p>L\u2019interessato ha i diritti previsti dal nuovo Regolamento UE 679\/2016 tra cui:<\/p>\n<ul style=\"margin-left: 7px;\">\n<p>\u2022 art. 15 Reg. UE 679\/2016 (diritto di accesso)<\/p>\n<p>\u2022 art. 16 Reg. UE 679\/2016 (diritto di rettifica)<\/p>\n<p>\u2022 art. 17 Reg. UE 679\/2016 (diritto alla cancellazione ovvero \u201cdiritto all\u2019oblio\u201d)<\/p>\n<p>\u2022 art. 18 Reg. UE 679\/2016 (diritto di limitazione del trattamento)<\/p>\n<p>\u2022 art. 20 Reg. UE 679\/2016 (diritto alla portabilit\u00e0 dei dati)<\/p>\n<p>\u2022 art. 21 Reg. UE 679\/2016 (diritto di opposizione)<\/p>\n<p>\u2022 art. 77 Reg. UE 679\/2016 (diritto di proporre reclamo all\u2019Autorit\u00e0 di Controllo)<\/ul>\n<p>Per l\u2019esercizio dei propri diritti o per ottenere informazioni riguardo il trattamento di dati che li riguardano gli interessati possono contattare Savoma Medicinali S.p.A. all\u2019indirizzo: Savoma Medicinali S.p.A. via Baganza 2\/A 43125 Parma oppure inviando una mail all\u2019indirizzo <a style=\"color: #538a81;\" href=\"mailto:direzione@savoma.it\">direzione@savoma.it.<\/a><\/p>\n","protected":false},"excerpt":{"rendered":"<p>INFORMATIVA SUL TRATTAMENTO DEI DATI PERSONALI AI SENSI DEL REGOLAMENTO EUROPEO SULLA PRIVACY 2016\/679 (GDPR). Titolare del trattamento dei dati personali Savoma Medicinali S.p.A., con sede in via Baganza 2\/A 43125 Parma. Finalit\u00e0 e base giuridica del trattamento Il trattamento dei dati personali acquisiti ed&#8230;<\/p>\n","protected":false},"author":1,"featured_media":0,"parent":0,"menu_order":0,"comment_status":"closed","ping_status":"open","template":"","meta":{"footnotes":""},"class_list":["post-3","page","type-page","status-publish","hentry"],"_links":{"self":[{"href":"http:\/\/www.projectundo.it\/savoma\/wp-json\/wp\/v2\/pages\/3","targetHints":{"allow":["GET"]}}],"collection":[{"href":"http:\/\/www.projectundo.it\/savoma\/wp-json\/wp\/v2\/pages"}],"about":[{"href":"http:\/\/www.projectundo.it\/savoma\/wp-json\/wp\/v2\/types\/page"}],"author":[{"embeddable":true,"href":"http:\/\/www.projectundo.it\/savoma\/wp-json\/wp\/v2\/users\/1"}],"replies":[{"embeddable":true,"href":"http:\/\/www.projectundo.it\/savoma\/wp-json\/wp\/v2\/comments?post=3"}],"version-history":[{"count":5,"href":"http:\/\/www.projectundo.it\/savoma\/wp-json\/wp\/v2\/pages\/3\/revisions"}],"predecessor-version":[{"id":626,"href":"http:\/\/www.projectundo.it\/savoma\/wp-json\/wp\/v2\/pages\/3\/revisions\/626"}],"wp:attachment":[{"href":"http:\/\/www.projectundo.it\/savoma\/wp-json\/wp\/v2\/media?parent=3"}],"curies":[{"name":"wp","href":"https:\/\/api.w.org\/{rel}","templated":true}]}}