{"id":322,"date":"2023-04-04T17:02:08","date_gmt":"2023-04-04T15:02:08","guid":{"rendered":"http:\/\/www.projectundo.it\/savoma\/?page_id=322"},"modified":"2023-06-05T17:06:01","modified_gmt":"2023-06-05T15:06:01","slug":"same-seb-detergente","status":"publish","type":"page","link":"http:\/\/www.projectundo.it\/savoma\/same-seb-detergente\/","title":{"rendered":"Same seb Detergente"},"content":{"rendered":"<h5><div style=\"margin-bottom:30px;background-color: #bad6d3;height:1px;\" class=\"separator normal  yes\"><\/div><\/h5>\n<div class=\"two_columns_33_66 clearfix\"><div class=\"column1\"><div class=\"column_inner\">\n<p><img loading=\"lazy\" decoding=\"async\" class=\"aligncenter wp-image-318 size-full\" src=\"http:\/\/www.projectundo.it\/savoma\/wp-content\/uploads\/2023\/04\/same_seb_detergente_big.png\" alt=\"\" width=\"397\" height=\"490\" \/><\/p>\n<h4>FLACONE: 150 ml<br \/>\nPREZZO: 11,00 \u20ac<br \/>\nCodice Paraf: A908920958<\/h4>\n<\/div><\/div>\n<div class=\"column2\"><div class=\"column_inner\">\n<h2>Same seb Detergente<\/h2>\n<h5>Sospensione cremosa per pelli con tendenza acneica \u00e8 costituita da una miscela di detergenti delicati di gradevole e facile applicazione in cui sono veicolati:<br \/>\n\u2022 zolfo finemente micronizzato (2%) ad azione seboregolatrice ed antibatterica;<br \/>\n\u2022 acido salicilico (2%) esfoliante ed antinfiammatorio;<br \/>\n\u2022 collagene idrolizzato ad azione idratante.<\/h5>\n<h5><div style=\"background-color: #bad6d3;height:1px;\" class=\"separator normal  \"><\/div><\/h5>\n<div class='accordion_holder accordion'>\n<div class='accordion_item black_arrow'><h4 style='background-color: #ffffff; color: #000000;'><span class='control-pm'><\/span>Indicazioni<\/h4><div class='accordion_content' style='background-color: #ffffff;'><div class='accordion_content_inner'>\n<div class=\"container_middle_schede\">\n<div class=\"normaltab_schede\">\n<div id=\"TabbedPanels1\" class=\"TabbedPanels\">\n<div class=\"TabbedPanelsContentGroup\">\n<div class=\"TabbedPanelsContent TabbedPanelsContentVisible\">Detersione della cute seborroica, con tendenza acneica o ipercheratosica del viso, del corpo e del cuoio capelluto.<\/div>\n<\/div>\n<\/div>\n<\/div>\n<\/div>\n<div><\/div>\n<\/div><\/div><\/div>\n<div class='accordion_item black_arrow'><h4 style='background-color: #ffffff; color: #000000;'><span class='control-pm'><\/span>Modo d'uso<\/h4><div class='accordion_content' style='background-color: #ffffff;'><div class='accordion_content_inner'>Same Seb detergente \u00e8 una sospensione, pertanto per assicurare l&#8217;omogeneit\u00e0 del prodotto \u00e8 opportuno agitare prima dell&#8217;uso. Utilizzare una o due volte al giorno, un piccolo quantitativo con le mani o con una spugnetta massaggiando leggermente sulla pelle umida. Lasciare agire alcuni istanti quindi sciacquare con acqua tiepida.<br \/>\n<div style=\"margin-top:-20px;\" class=\"separator transparent  no\"><\/div>AVVERTENZE<br \/>\nEvitare il contatto con gli occhi. Nel caso lavare abbondantemente con acqua.<br \/>\nDa non usare per l\u2019igiene dei bambini al di sotto dei 3 anni.<\/p>\n<\/div><\/div><\/div>\n<div class='accordion_item black_arrow'><h4 style='background-color: #ffffff; color: #000000;'><span class='control-pm'><\/span>Ingredienti<\/h4><div class='accordion_content' style='background-color: #ffffff;'><div class='accordion_content_inner'> Aqua, Sodium Laureth sulfate, Disodium Laureth sulfosuccinate, Glyceryl Stearate, Salicylic Acid, Sulfur, Myristyl Lactate, Magnesium Aluminium Silicate, Hydrolyzed Collagen, Rosmarinus Officinalis Extract, Xanthan Gum, Disodium EDTA.<\/p>\n<\/div><\/div><\/div>\n<\/div>\n<\/div><\/div><\/div>\n<h5><div style=\"background-color: #bad6d3;height:1px;\" class=\"separator normal  \"><\/div><blockquote style=width:100%;> <a style=\"margin-left: 10px;\" href=\"http:\/\/www.projectundo.it\/savoma\/cute\/\"> \u276e Torna alla sezione Dermocosmetici Cute<\/a><\/blockquote><\/h5>\n<p>&nbsp;<\/p>\n","protected":false},"excerpt":{"rendered":"<p>&nbsp;<\/p>\n","protected":false},"author":1,"featured_media":0,"parent":0,"menu_order":0,"comment_status":"closed","ping_status":"closed","template":"","meta":{"footnotes":""},"class_list":["post-322","page","type-page","status-publish","hentry"],"_links":{"self":[{"href":"http:\/\/www.projectundo.it\/savoma\/wp-json\/wp\/v2\/pages\/322","targetHints":{"allow":["GET"]}}],"collection":[{"href":"http:\/\/www.projectundo.it\/savoma\/wp-json\/wp\/v2\/pages"}],"about":[{"href":"http:\/\/www.projectundo.it\/savoma\/wp-json\/wp\/v2\/types\/page"}],"author":[{"embeddable":true,"href":"http:\/\/www.projectundo.it\/savoma\/wp-json\/wp\/v2\/users\/1"}],"replies":[{"embeddable":true,"href":"http:\/\/www.projectundo.it\/savoma\/wp-json\/wp\/v2\/comments?post=322"}],"version-history":[{"count":8,"href":"http:\/\/www.projectundo.it\/savoma\/wp-json\/wp\/v2\/pages\/322\/revisions"}],"predecessor-version":[{"id":593,"href":"http:\/\/www.projectundo.it\/savoma\/wp-json\/wp\/v2\/pages\/322\/revisions\/593"}],"wp:attachment":[{"href":"http:\/\/www.projectundo.it\/savoma\/wp-json\/wp\/v2\/media?parent=322"}],"curies":[{"name":"wp","href":"https:\/\/api.w.org\/{rel}","templated":true}]}}