{"id":357,"date":"2023-04-04T18:38:31","date_gmt":"2023-04-04T16:38:31","guid":{"rendered":"http:\/\/www.projectundo.it\/savoma\/?page_id=357"},"modified":"2023-06-05T17:10:18","modified_gmt":"2023-06-05T15:10:18","slug":"same-plast-cerotto","status":"publish","type":"page","link":"http:\/\/www.projectundo.it\/savoma\/same-plast-cerotto\/","title":{"rendered":"Same plast cerotto"},"content":{"rendered":"<h5><div style=\"margin-bottom:30px;background-color: #bad6d3;height:1px;\" class=\"separator normal  yes\"><\/div><\/h5>\n<div class=\"two_columns_33_66 clearfix\"><div class=\"column1\"><div class=\"column_inner\">\n<p><img loading=\"lazy\" decoding=\"async\" class=\"aligncenter wp-image-318 size-full\" src=\"http:\/\/www.projectundo.it\/savoma\/wp-content\/uploads\/2023\/04\/same_plast_cerotto_big.png\" alt=\"\" width=\"397\" height=\"490\" \/><\/p>\n<h4>CONFEZIONE: 1 pz 7 cm x 20 cm<br \/>\nPREZZO: 17,00 \u20ac<br \/>\nCodice Paraf: A935702466<\/h4>\n<\/div><\/div>\n<div class=\"column2\"><div class=\"column_inner\">\n<h2>Same plast cerotto<\/h2>\n<h5>SAME PLAST CEROTTO \u00e8 un dispositivo medico costituito da uno strato di <strong>silicone medicale<\/strong> applicato su un <strong>supporto conformabile<\/strong>.<\/h5>\n<h5><div style=\"background-color: #bad6d3;height:1px;\" class=\"separator normal  \"><\/div><\/h5>\n<div class='accordion_holder accordion'>\n<div class='accordion_item black_arrow'><h4 style='background-color: #ffffff; color: #000000;'><span class='control-pm'><\/span>Indicazioni<\/h4><div class='accordion_content' style='background-color: #ffffff;'><div class='accordion_content_inner'>\n<div class=\"container_middle_schede\">\n<div class=\"normaltab_schede\">\n<div id=\"TabbedPanels1\" class=\"TabbedPanels\">\n<div class=\"TabbedPanelsContentGroup\">\n<div class=\"TabbedPanelsContent TabbedPanelsContentVisible\">SAME PLAST CEROTTO contribuisce a prevenire la formazione di cicatrici ipertrofiche o di cheloidi e a migliorarne l&#8217;aspetto estetico.<\/div>\n<\/div>\n<\/div>\n<\/div>\n<\/div>\n<div><\/div>\n<\/div><\/div><\/div>\n<div class='accordion_item black_arrow'><h4 style='background-color: #ffffff; color: #000000;'><span class='control-pm'><\/span>Modo d'uso<\/h4><div class='accordion_content' style='background-color: #ffffff;'><div class='accordion_content_inner'> Aprire la confezione e prelevare la medicazione dalla busta in carta. Tagliare una striscia di medicazione di lunghezza adeguata alla cicatrice da trattare, assicurando che la medicazione copra l\u2019area interessata con un margine di almeno 1 cm. Riporre nell\u2019apposita bustina trasparente la parte di medicazione non utilizzata e conservarla nell\u2019astuccio con le istruzioni. Rimuovere delicatamente la pellicola protettiva partendo dal taglio presente nella zona centrale e applicare SAME PLAST CEROTTO su cute asciutta e pulita. Si consiglia un uso continuativo, rimuovendo la medicazione almeno una volta al giorno. La stessa medicazione pu\u00f2 essere riapplicata da una a due volte al giorno fino ad un massimo di 7 giorni. All\u2019atto della rimozione per successivo riutilizzo, SAME PLAST CEROTTO va appoggiato su una superficie liscia, asciutta e pulita con il lato non adesivo. In presenza di una perdita di adesivit\u00e0 occorre sostituire la striscia. Il periodo minimo di trattamento raccomandato \u00e8 di 30 giorni. SAME PLAST CEROTTO pu\u00f2 essere utilizzato nell\u2019ambito di procedure di trattamento delle cicatrici e dei cheloidi che prevedono l\u2019uso di gel o creme aventi funzioni specifiche.<\/p>\n<\/div><\/div><\/div>\n<div class='accordion_item black_arrow'><h4 style='background-color: #ffffff; color: #000000;'><span class='control-pm'><\/span>Avvertenze<\/h4><div class='accordion_content' style='background-color: #ffffff;'><div class='accordion_content_inner'> SAME PLAST CEROTTO deve essere utilizzato esclusivamente su cicatrici chiuse e lesioni completamente guarite. Accertarsi della completa rimozione di punti e suture e della completa guarigione della ferita prima di applicare il dispositivo. Una volta applicata, la medicazione deve essere destinata ad un uso esclusivamente personale. Durante il ciclo di trattamento non esporre la cicatrice non protetta ai raggi solari diretti. In caso di insorgenza di arrossamento, prurito o irritazione cutanea, sospendere il trattamento e rivolgersi al medico o al farmacista. Tenere lontano dalla portata dei bambini. Non utilizzare se l\u2019imballaggio non \u00e8 integro.<\/p>\n<\/div><\/div><\/div>\n<\/div>\n<\/div><\/div><\/div>\n<h5><div style=\"background-color: #bad6d3;height:1px;\" class=\"separator normal  \"><\/div><blockquote style=width:100%;> <a style=\"margin-left: 10px;\" href=\"http:\/\/www.projectundo.it\/savoma\/cute\/\"> \u276e Torna alla sezione Dermocosmetici Cute<\/a><\/blockquote><\/h5>\n<p>&nbsp;<\/p>\n","protected":false},"excerpt":{"rendered":"<p>&nbsp;<\/p>\n","protected":false},"author":1,"featured_media":0,"parent":0,"menu_order":0,"comment_status":"closed","ping_status":"closed","template":"","meta":{"footnotes":""},"class_list":["post-357","page","type-page","status-publish","hentry"],"_links":{"self":[{"href":"http:\/\/www.projectundo.it\/savoma\/wp-json\/wp\/v2\/pages\/357","targetHints":{"allow":["GET"]}}],"collection":[{"href":"http:\/\/www.projectundo.it\/savoma\/wp-json\/wp\/v2\/pages"}],"about":[{"href":"http:\/\/www.projectundo.it\/savoma\/wp-json\/wp\/v2\/types\/page"}],"author":[{"embeddable":true,"href":"http:\/\/www.projectundo.it\/savoma\/wp-json\/wp\/v2\/users\/1"}],"replies":[{"embeddable":true,"href":"http:\/\/www.projectundo.it\/savoma\/wp-json\/wp\/v2\/comments?post=357"}],"version-history":[{"count":6,"href":"http:\/\/www.projectundo.it\/savoma\/wp-json\/wp\/v2\/pages\/357\/revisions"}],"predecessor-version":[{"id":599,"href":"http:\/\/www.projectundo.it\/savoma\/wp-json\/wp\/v2\/pages\/357\/revisions\/599"}],"wp:attachment":[{"href":"http:\/\/www.projectundo.it\/savoma\/wp-json\/wp\/v2\/media?parent=357"}],"curies":[{"name":"wp","href":"https:\/\/api.w.org\/{rel}","templated":true}]}}